{"id":277,"date":"2015-07-06T11:32:05","date_gmt":"2015-07-06T11:32:05","guid":{"rendered":"https:\/\/8degreethemes.com\/demo\/8medi-lite\/?page_id=7"},"modified":"2026-01-29T18:36:07","modified_gmt":"2026-01-29T18:36:07","slug":"contact","status":"publish","type":"page","link":"https:\/\/mvperearstid.ee\/ru\/contact\/","title":{"rendered":"Kontakt"},"content":{"rendered":"<p><span class=\"w8qArf\"><strong>Aadress<\/strong>:\u00a0<\/span><span class=\"LrzXr\">Ludvig Puusepa 1a,\u00a0 <\/span><span class=\"LrzXr\">50406 Tartu<\/span><\/p>\n<p>\u00a0<\/p>\n<p><strong>Registratuuri telefon<\/strong>:\u00a0731 9249<\/p>\n<p>\u00a0<\/p>\n<p>Oma perearsti saate informeerida haigestumisest (t\u00f6\u00f6v\u00f5imetuslehe vormistamiseks), edastada retsepti pikendamise soovi ja vahendada muud infot 24\/7 <a href=\"https:\/\/www.perearst24.ee\/\"><strong><span style=\"text-decoration: underline;\">perearst24.ee<\/span><\/strong><\/a> lehe kaudu.\u00a0 Perearstikeskus vastab teie p\u00f6\u00f6rdumisele t\u00f6\u00f6p\u00e4evadel keskuse lahtioleku aegadel.\u00a0<\/p>\n<h3>\u00a0<\/h3>\n<p><strong>Dr. Maire Treial<\/strong>: maire.treial [at] mvperearstid.ee.\u00a0 Tel: 731 9244, mob: 53 91 3203<\/p>\n<p><strong>Dr. Liidia Koppel<\/strong>: liidia.koppel [at] mvperearstid.ee.\u00a0Tel: 731 9242<\/p>\n<div><strong>Dr. \u00dclle Roostalu<\/strong>: ylle.roostalu [at] mvperearstid.ee.\u00a0 Tel: 731 9273, mob:\u00a054 30 1003<\/div>\n<div>\u00a0<\/div>\n\n\n<p><\/p>\n","protected":false},"excerpt":{"rendered":"<p>Aadress:\u00a0Ludvig Puusepa 1a,\u00a0 50406 Tartu \u00a0 Registratuuri telefon:\u00a0731 9249 \u00a0 Oma perearsti saate informeerida haigestumisest (t\u00f6\u00f6v\u00f5imetuslehe vormistamiseks), edastada retsepti pikendamise soovi ja vahendada muud infot 24\/7 perearst24.ee lehe kaudu.\u00a0 Perearstikeskus vastab teie p\u00f6\u00f6rdumisele t\u00f6\u00f6p\u00e4evadel keskuse lahtioleku aegadel.\u00a0 \u00a0 Dr. Maire Treial: maire.treial [at] mvperearstid.ee.\u00a0 Tel: 731 9244, mob: 53 91 3203 Dr. Liidia Koppel: liidia.koppel [&hellip;]<\/p>\n","protected":false},"author":1,"featured_media":0,"parent":0,"menu_order":0,"comment_status":"closed","ping_status":"closed","template":"","meta":{"footnotes":""},"class_list":["post-277","page","type-page","status-publish","hentry"],"translation":{"provider":"WPGlobus","version":"3.0.1","language":"ru","enabled_languages":["et","ru"],"languages":{"et":{"title":true,"content":true,"excerpt":false},"ru":{"title":false,"content":false,"excerpt":false}}},"_links":{"self":[{"href":"https:\/\/mvperearstid.ee\/ru\/wp-json\/wp\/v2\/pages\/277","targetHints":{"allow":["GET"]}}],"collection":[{"href":"https:\/\/mvperearstid.ee\/ru\/wp-json\/wp\/v2\/pages"}],"about":[{"href":"https:\/\/mvperearstid.ee\/ru\/wp-json\/wp\/v2\/types\/page"}],"author":[{"embeddable":true,"href":"https:\/\/mvperearstid.ee\/ru\/wp-json\/wp\/v2\/users\/1"}],"replies":[{"embeddable":true,"href":"https:\/\/mvperearstid.ee\/ru\/wp-json\/wp\/v2\/comments?post=277"}],"version-history":[{"count":10,"href":"https:\/\/mvperearstid.ee\/ru\/wp-json\/wp\/v2\/pages\/277\/revisions"}],"predecessor-version":[{"id":1713,"href":"https:\/\/mvperearstid.ee\/ru\/wp-json\/wp\/v2\/pages\/277\/revisions\/1713"}],"wp:attachment":[{"href":"https:\/\/mvperearstid.ee\/ru\/wp-json\/wp\/v2\/media?parent=277"}],"curies":[{"name":"wp","href":"https:\/\/api.w.org\/{rel}","templated":true}]}}