{"id":348,"date":"2018-04-08T18:17:10","date_gmt":"2018-04-08T18:17:10","guid":{"rendered":"http:\/\/mvperearstid.local\/?page_id=348"},"modified":"2026-03-04T04:50:04","modified_gmt":"2026-03-04T04:50:04","slug":"dr-maire-treial","status":"publish","type":"page","link":"https:\/\/mvperearstid.ee\/ru\/dr-maire-treial\/","title":{"rendered":"Dr. Maire Treial"},"content":{"rendered":"\n<h3 class=\"wp-block-heading\"><strong>Perearst Maire Treial (kab. 2003, tel: 731 9244, mob: 53 913 203).<\/strong><\/h3>\n\n\n\n<p><strong>Vastuv\u00f5tt:<\/strong><\/p>\n\n\n\n<p>Esmasp\u00e4ev 08.00 \u2013 14.00<\/p>\n\n\n\n<p>Teisip\u00e4ev 10.00 \u2013 18.00<\/p>\n\n\n\n<p>Reede 08.00 \u2013 13.00<\/p>\n\n\n\n<p><strong>Nimistuga t\u00f6\u00f6tab ka perearst Grit Vider.<\/strong><\/p>\n\n\n\n<p>Esmasp\u00e4ev 08.00 \u2013 13.00<\/p>\n\n\n\n<p>Kolmap\u00e4ev 08.00 \u2013 13.00<\/p>\n\n\n\n<p>Neljap\u00e4ev 08.00 \u2013 13.00<\/p>\n\n\n\n<p>Reede 08.00 \u2013 13.00<\/p>\n\n\n\n<p><strong>Pere\u00f5de Teele M\u00e4esepp iseseisev vastuv\u00f5tt (kabinet 2004)<\/strong><\/p>\n\n\n\n<p>Esmasp\u00e4ev 08.00 \u2013 12.00<\/p>\n\n\n\n<p>Teisip\u00e4ev 14.00 \u2013 18.00<\/p>\n\n\n\n<p>Kolmap\u00e4ev 08.00 \u2013 12.00<\/p>\n\n\n\n<p>Neljap\u00e4ev 11.00 \u2013 15.00<\/p>\n\n\n\n<p>Reede 08.00 \u2013 12.00<\/p>\n\n\n\n<p><strong>Pere\u00f5de Kristina Majuri iseseisev vastuv\u00f5tt (kabinet 2037)<\/strong><\/p>\n\n\n\n<p>Esmasp\u00e4ev 11.00 &#8211; 15.00<\/p>\n\n\n\n<p>Teisip\u00e4ev 10.00 &#8211; 14.00<\/p>\n\n\n\n<p>Kolmap\u00e4ev 11.00 &#8211; 15.00<\/p>\n\n\n\n<p>Neljap\u00e4ev 08.00 &#8211; 12.00<\/p>\n\n\n\n<p>Reede 11.00 &#8211; 15.00<\/p>\n","protected":false},"excerpt":{"rendered":"<p>Perearst Maire Treial (kab. 2003, tel: 731 9244, mob: 53 913 203). Vastuv\u00f5tt: Esmasp\u00e4ev 08.00 \u2013 14.00 Teisip\u00e4ev 10.00 \u2013 18.00 Reede 08.00 \u2013 13.00 Nimistuga t\u00f6\u00f6tab ka perearst Grit Vider. Esmasp\u00e4ev 08.00 \u2013 13.00 Kolmap\u00e4ev 08.00 \u2013 13.00 Neljap\u00e4ev 08.00 \u2013 13.00 Reede 08.00 \u2013 13.00 Pere\u00f5de Teele M\u00e4esepp iseseisev vastuv\u00f5tt (kabinet 2004) Esmasp\u00e4ev [&hellip;]<\/p>\n","protected":false},"author":1,"featured_media":0,"parent":0,"menu_order":0,"comment_status":"closed","ping_status":"closed","template":"","meta":{"footnotes":""},"class_list":["post-348","page","type-page","status-publish","hentry"],"translation":{"provider":"WPGlobus","version":"3.0.1","language":"ru","enabled_languages":["et","ru"],"languages":{"et":{"title":true,"content":true,"excerpt":false},"ru":{"title":false,"content":false,"excerpt":false}}},"_links":{"self":[{"href":"https:\/\/mvperearstid.ee\/ru\/wp-json\/wp\/v2\/pages\/348","targetHints":{"allow":["GET"]}}],"collection":[{"href":"https:\/\/mvperearstid.ee\/ru\/wp-json\/wp\/v2\/pages"}],"about":[{"href":"https:\/\/mvperearstid.ee\/ru\/wp-json\/wp\/v2\/types\/page"}],"author":[{"embeddable":true,"href":"https:\/\/mvperearstid.ee\/ru\/wp-json\/wp\/v2\/users\/1"}],"replies":[{"embeddable":true,"href":"https:\/\/mvperearstid.ee\/ru\/wp-json\/wp\/v2\/comments?post=348"}],"version-history":[{"count":23,"href":"https:\/\/mvperearstid.ee\/ru\/wp-json\/wp\/v2\/pages\/348\/revisions"}],"predecessor-version":[{"id":1788,"href":"https:\/\/mvperearstid.ee\/ru\/wp-json\/wp\/v2\/pages\/348\/revisions\/1788"}],"wp:attachment":[{"href":"https:\/\/mvperearstid.ee\/ru\/wp-json\/wp\/v2\/media?parent=348"}],"curies":[{"name":"wp","href":"https:\/\/api.w.org\/{rel}","templated":true}]}}