{"id":352,"date":"2018-04-08T18:19:52","date_gmt":"2018-04-08T18:19:52","guid":{"rendered":"http:\/\/mvperearstid.local\/?page_id=352"},"modified":"2026-03-04T04:50:24","modified_gmt":"2026-03-04T04:50:24","slug":"dr-ulle-roostalu","status":"publish","type":"page","link":"https:\/\/mvperearstid.ee\/ru\/dr-ulle-roostalu\/","title":{"rendered":"Dr. \u00dclle Roostalu"},"content":{"rendered":"<h3><strong>Perearst \u00dclle Roostalu (kabinet 2006, tel: 731 9273, mob: <\/strong><strong>54 30 1003<\/strong><strong>).<\/strong><\/h3>\n<p><strong>E-mail\/Skype:<\/strong> ylle.roostalu\u00a0[at] mvperearstid.ee<\/p>\n<p><strong>Nimistuga t\u00f6\u00f6tab perearst Katrin R\u00e4tsep.<\/strong><\/p>\n<p>Esmasp\u00e4ev 08.00 &#8211; 14.00<\/p>\n<p>Teisip\u00e4ev 09.00 &#8211; 14.00<\/p>\n<p>Kolmap\u00e4ev 12.00 &#8211; 18.00<\/p>\n<p>Neljap\u00e4ev 09.00 &#8211; 13.00<\/p>\n<p>Reede 08.00 &#8211; 13.00<\/p>\n<p><strong>Pere\u00f5de Kerli J\u00e4\u00e4geri iseseisev vastuv\u00f5tt (kabinet 2007)<\/strong><\/p>\n<p>Esmasp\u00e4ev\u00a0 11.00 &#8211; 15.00<\/p>\n<p>Teisip\u00e4ev 08.00 &#8211; 12.00<\/p>\n<p>Kolmap\u00e4ev 10.00 &#8211; 16.00 (graafiku alusel)<\/p>\n<p>Neljap\u00e4ev 09.00 &#8211; 12.00<\/p>\n<p>Reede 12.00 &#8211; 15.00<\/p>\n<p><strong>Pere\u00f5de Anne Malinen iseseisev vastuv\u00f5tt (kabinet 2005)<\/strong><\/p>\n<p>Esmasp\u00e4ev\u00a0 08.00 &#8211; 12.00<\/p>\n<p>Teisip\u00e4ev 11.00 &#8211; 15.00<\/p>\n<p>Kolmap\u00e4ev 08.00 &#8211; 14.00 (graafiku alusel)<\/p>\n<p>Neljap\u00e4ev 12.00 &#8211; 15.00<\/p>\n<p>Reede 09.00 &#8211; 12.00<\/p>\n","protected":false},"excerpt":{"rendered":"<p>Perearst \u00dclle Roostalu (kabinet 2006, tel: 731 9273, mob: 54 30 1003). E-mail\/Skype: ylle.roostalu\u00a0[at] mvperearstid.ee Nimistuga t\u00f6\u00f6tab perearst Katrin R\u00e4tsep. Esmasp\u00e4ev 08.00 &#8211; 14.00 Teisip\u00e4ev 09.00 &#8211; 14.00 Kolmap\u00e4ev 12.00 &#8211; 18.00 Neljap\u00e4ev 09.00 &#8211; 13.00 Reede 08.00 &#8211; 13.00 Pere\u00f5de Kerli J\u00e4\u00e4geri iseseisev vastuv\u00f5tt (kabinet 2007) Esmasp\u00e4ev\u00a0 11.00 &#8211; 15.00 Teisip\u00e4ev 08.00 &#8211; 12.00 [&hellip;]<\/p>\n","protected":false},"author":1,"featured_media":0,"parent":0,"menu_order":0,"comment_status":"closed","ping_status":"closed","template":"","meta":{"footnotes":""},"class_list":["post-352","page","type-page","status-publish","hentry"],"translation":{"provider":"WPGlobus","version":"3.0.1","language":"ru","enabled_languages":["et","ru"],"languages":{"et":{"title":true,"content":true,"excerpt":false},"ru":{"title":false,"content":false,"excerpt":false}}},"_links":{"self":[{"href":"https:\/\/mvperearstid.ee\/ru\/wp-json\/wp\/v2\/pages\/352","targetHints":{"allow":["GET"]}}],"collection":[{"href":"https:\/\/mvperearstid.ee\/ru\/wp-json\/wp\/v2\/pages"}],"about":[{"href":"https:\/\/mvperearstid.ee\/ru\/wp-json\/wp\/v2\/types\/page"}],"author":[{"embeddable":true,"href":"https:\/\/mvperearstid.ee\/ru\/wp-json\/wp\/v2\/users\/1"}],"replies":[{"embeddable":true,"href":"https:\/\/mvperearstid.ee\/ru\/wp-json\/wp\/v2\/comments?post=352"}],"version-history":[{"count":18,"href":"https:\/\/mvperearstid.ee\/ru\/wp-json\/wp\/v2\/pages\/352\/revisions"}],"predecessor-version":[{"id":1789,"href":"https:\/\/mvperearstid.ee\/ru\/wp-json\/wp\/v2\/pages\/352\/revisions\/1789"}],"wp:attachment":[{"href":"https:\/\/mvperearstid.ee\/ru\/wp-json\/wp\/v2\/media?parent=352"}],"curies":[{"name":"wp","href":"https:\/\/api.w.org\/{rel}","templated":true}]}}