{"id":354,"date":"2018-04-08T18:20:34","date_gmt":"2018-04-08T18:20:34","guid":{"rendered":"http:\/\/mvperearstid.local\/?page_id=354"},"modified":"2026-03-04T04:49:44","modified_gmt":"2026-03-04T04:49:44","slug":"dr-liidia-koppel","status":"publish","type":"page","link":"https:\/\/mvperearstid.ee\/ru\/dr-liidia-koppel\/","title":{"rendered":"Dr. Liidia Koppel"},"content":{"rendered":"<h3><strong>Perearst Liidia Koppel (kab. 2001 tel: 731 9242, <\/strong><strong>mob: 56 643 020<\/strong><strong>).<\/strong><\/h3>\n<p><strong>E-mail<\/strong>: liidia.koppel [at] mvperearstid.ee<\/p>\n<p>Esmasp\u00e4ev 09.00 \u2013 14.00<\/p>\n<p>Teisip\u00e4ev 09.00 \u2013 14.00<\/p>\n<p>Kolmap\u00e4ev 08.00 \u2013 13.00<\/p>\n<p>Reede 08.00 \u2013 13.00<\/p>\n<p><strong>Nimistuga t\u00f6\u00f6tab perearst Asta K\u00e4\u00e4rik.<\/strong><\/p>\n<p>Neljap\u00e4ev 13.00 \u2013 18.00<\/p>\n<article id=\"post-78\" class=\"post-78 post type-post status-publish format-standard has-post-thumbnail hentry category-featured category-vastuvotuajad\">\n<div class=\"entry-content\">\n<p><strong>Pere\u00f5de Keneli Kivilaht iseseisev vastuv\u00f5tt (kabinet 2002)<\/strong><\/p>\n<p>Esmasp\u00e4ev 08.00 \u2013 13.00<\/p>\n<p>Teisip\u00e4ev\u00a0 08.00 \u2013 11.00<\/p>\n<p>Kolmap\u00e4ev 08.00 \u2013 10.00<\/p>\n<p>Neljap\u00e4ev 08.00 \u2013 14.00 (graafiku alusel) <strong>*<\/strong><\/p>\n<p>Reede 09.00 \u2013 13.00<\/p>\n<p><strong>Pere\u00f5de Jana Roots iseseisev vastuv\u00f5tt (kabinet 2038)<\/strong><\/p>\n<p>Esmasp\u00e4ev 10.00 \u2013 14.00<\/p>\n<p>Teisip\u00e4ev 12.00 \u2013 14.00<\/p>\n<p>Kolmap\u00e4ev 09.00 \u2013 13.00<\/p>\n<p>Neljap\u00e4ev 12.00 \u2013 18.00 (graafiku alusel) <strong>*<\/strong><\/p>\n<p>Reede 09.00 \u2013 13.00<\/p>\n<p><strong>* <\/strong>Puhkuse ajal toimub<strong> neljap\u00e4eval <\/strong>pere\u00f5e iseseisev vastuv\u00f5tt: 10.00 &#8211; 18.00<\/p>\n<p><strong>* <\/strong>L\u00f5unapaus: 11.30 &#8211; 12.00<\/p>\n<\/div>\n<\/article>\n","protected":false},"excerpt":{"rendered":"<p>Perearst Liidia Koppel (kab. 2001 tel: 731 9242, mob: 56 643 020). E-mail: liidia.koppel [at] mvperearstid.ee Esmasp\u00e4ev 09.00 \u2013 14.00 Teisip\u00e4ev 09.00 \u2013 14.00 Kolmap\u00e4ev 08.00 \u2013 13.00 Reede 08.00 \u2013 13.00 Nimistuga t\u00f6\u00f6tab perearst Asta K\u00e4\u00e4rik. Neljap\u00e4ev 13.00 \u2013 18.00 Pere\u00f5de Keneli Kivilaht iseseisev vastuv\u00f5tt (kabinet 2002) Esmasp\u00e4ev 08.00 \u2013 13.00 Teisip\u00e4ev\u00a0 08.00 \u2013 [&hellip;]<\/p>\n","protected":false},"author":1,"featured_media":0,"parent":0,"menu_order":0,"comment_status":"closed","ping_status":"closed","template":"","meta":{"footnotes":""},"class_list":["post-354","page","type-page","status-publish","hentry"],"translation":{"provider":"WPGlobus","version":"3.0.1","language":"ru","enabled_languages":["et","ru"],"languages":{"et":{"title":true,"content":true,"excerpt":false},"ru":{"title":false,"content":false,"excerpt":false}}},"_links":{"self":[{"href":"https:\/\/mvperearstid.ee\/ru\/wp-json\/wp\/v2\/pages\/354","targetHints":{"allow":["GET"]}}],"collection":[{"href":"https:\/\/mvperearstid.ee\/ru\/wp-json\/wp\/v2\/pages"}],"about":[{"href":"https:\/\/mvperearstid.ee\/ru\/wp-json\/wp\/v2\/types\/page"}],"author":[{"embeddable":true,"href":"https:\/\/mvperearstid.ee\/ru\/wp-json\/wp\/v2\/users\/1"}],"replies":[{"embeddable":true,"href":"https:\/\/mvperearstid.ee\/ru\/wp-json\/wp\/v2\/comments?post=354"}],"version-history":[{"count":17,"href":"https:\/\/mvperearstid.ee\/ru\/wp-json\/wp\/v2\/pages\/354\/revisions"}],"predecessor-version":[{"id":1787,"href":"https:\/\/mvperearstid.ee\/ru\/wp-json\/wp\/v2\/pages\/354\/revisions\/1787"}],"wp:attachment":[{"href":"https:\/\/mvperearstid.ee\/ru\/wp-json\/wp\/v2\/media?parent=354"}],"curies":[{"name":"wp","href":"https:\/\/api.w.org\/{rel}","templated":true}]}}